{"id":833,"date":"2022-05-13T15:52:30","date_gmt":"2022-05-13T13:52:30","guid":{"rendered":"https:\/\/alquilerautocaravanasgranadateranga.com\/?page_id=833"},"modified":"2022-05-20T09:56:32","modified_gmt":"2022-05-20T07:56:32","slug":"politicas-de-privacidad","status":"publish","type":"page","link":"https:\/\/alquilerautocaravanasgranadateranga.com\/en\/politicas-de-privacidad\/","title":{"rendered":"Pol\u00edticas de Privacidad"},"content":{"rendered":"<style>.elementor-833 .elementor-element.elementor-element-90ab5f9 .elementor-heading-title{font-family:\"Verdana\", Sans-serif;}.elementor-833 .elementor-element.elementor-element-19156dd{--spacer-size:50px;}.elementor-833 .elementor-element.elementor-element-6a039d6{font-family:\"Verdana\", Sans-serif;}<\/style>\t\t<div data-elementor-type=\"wp-page\" data-elementor-id=\"833\" class=\"elementor elementor-833\" data-elementor-post-type=\"page\">\n\t\t\t\t\t\t<section class=\"elementor-section elementor-top-section elementor-element elementor-element-b0e91c9 elementor-section-boxed elementor-section-height-default elementor-section-height-default\" data-id=\"b0e91c9\" data-element_type=\"section\">\n\t\t\t\t\t\t<div class=\"elementor-container elementor-column-gap-default\">\n\t\t\t\t\t<div class=\"elementor-column elementor-col-100 elementor-top-column elementor-element elementor-element-5f6f6c8\" data-id=\"5f6f6c8\" data-element_type=\"column\">\n\t\t\t<div class=\"elementor-widget-wrap elementor-element-populated\">\n\t\t\t\t\t\t<div class=\"elementor-element elementor-element-90ab5f9 elementor-widget elementor-widget-heading\" data-id=\"90ab5f9\" data-element_type=\"widget\" data-widget_type=\"heading.default\">\n\t\t\t\t<div class=\"elementor-widget-container\">\n\t\t\t\t\t<h2 class=\"elementor-heading-title elementor-size-default\">Pol\u00edticas de Privacidad<\/h2>\t\t\t\t<\/div>\n\t\t\t\t<\/div>\n\t\t\t\t<div class=\"elementor-element elementor-element-19156dd elementor-widget elementor-widget-spacer\" data-id=\"19156dd\" data-element_type=\"widget\" data-widget_type=\"spacer.default\">\n\t\t\t\t<div class=\"elementor-widget-container\">\n\t\t\t\t\t\t\t<div class=\"elementor-spacer\">\n\t\t\t<div class=\"elementor-spacer-inner\"><\/div>\n\t\t<\/div>\n\t\t\t\t\t\t<\/div>\n\t\t\t\t<\/div>\n\t\t\t\t<div class=\"elementor-element elementor-element-6a039d6 elementor-widget elementor-widget-text-editor\" data-id=\"6a039d6\" data-element_type=\"widget\" data-widget_type=\"text-editor.default\">\n\t\t\t\t<div class=\"elementor-widget-container\">\n\t\t\t\t\t\t\t\t\t<h3><b>Registro de datos de car\u00e1cter personal<\/b><\/h3><p><span style=\"font-weight: 400;\">Esta declaraci\u00f3n tiene como finalidad informar a los usuarios de la Pol\u00edtica general de Privacidad y Protecci\u00f3n de Datos Personales seguida por \u00abAlquiler Autocaravanas Granada Teranga\u00bb.<\/span><\/p><p><span style=\"font-weight: 400;\">Esta Pol\u00edtica de Privacidad podr\u00eda variar en funci\u00f3n de exigencias legislativas o de autorregulaci\u00f3n, por lo que se aconseja a los usuarios que la visiten peri\u00f3dicamente. Ser\u00e1 aplicable en caso de que los usuarios decidan rellenar alg\u00fan formulario de cualquiera de los formularios disponibles en la web para contacto, solicitud de informaci\u00f3n, etc\u2026 donde se recaben datos de car\u00e1cter personal.<\/span><\/p><h3><b>Uso y tratamiento de los datos de usuarios<\/b><\/h3><p><span style=\"font-weight: 400;\">\u00abAlquiler Autocaravanas Granada Teranga\u00bb tiene plena conciencia del uso y tratamiento que se debe dar a los datos personales que se puedan requerir o que se puedan obtener de los usuarios en su p\u00e1gina web con el fin de gestionar las solicitudes o servicios requeridos. En ning\u00fan momento har\u00e1 un uso diferente de esta informaci\u00f3n ni compartir\u00e1 datos de usuarios con terceros.<\/span><\/p><p><span style=\"font-weight: 400;\">Los datos personales recogidos en esta web solo se utilizar\u00e1n exclusivamente para responder a su solicitud de informaci\u00f3n.<\/span><\/p><h3><b>Secreto y seguridad de los datos<\/b><\/h3><p><span style=\"font-weight: 400;\">\u00abAlquiler Autocaravanas Granada Teranga\u00bb se compromete en la utilizaci\u00f3n de los datos incluidos en el fichero, a respetar su confidencialidad y a utilizarlos de acuerdo con la finalidad del mismo, as\u00ed como a dar cumplimiento a su obligaci\u00f3n de guardarlos y adaptar todas las medidas para evitar la alteraci\u00f3n, p\u00e9rdida, tratamiento o acceso no autorizado, de conformidad con lo establecido en el Real Decreto 1720\/2007 de 21 de diciembre por el que se aprueba el Reglamento de desarrollo de la Ley Org\u00e1nica 15\/1999 de 13 de diciembre, de Protecci\u00f3n de Datos de Car\u00e1cter Personal.<\/span><\/p><p><span style=\"font-weight: 400;\">El usuario garantiza que los datos personales facilitados a trav\u00e9s de los formularios son veraces, quedando obligado a comunicar cualquier modificaci\u00f3n de los mismos. Igualmente, el Usuario garantiza que toda la informaci\u00f3n facilitada corresponde con su situaci\u00f3n real, que est\u00e1 puesta al d\u00eda y es exacta. Adem\u00e1s el Usuario se obliga a mantener en todo momento sus datos actualizados, siendo el \u00fanico responsable de la inexactitud o falsedad de los datos facilitados y de los perjuicios que pueda causar por ello a Eric Courg propietario del portal \u00abAlquiler Autocaravanas Granada Teranga\u00bb, o a terceros con motivo de la utilizaci\u00f3n de dicho.<\/span><\/p><h3><b>Brechas de seguridad<\/b><\/h3><p><span style=\"font-weight: 400;\">\u00abAlquiler Autocaravanas Granada Teranga\u00bb cuenta con sistemas de monitorizaci\u00f3n de actividad dentro del sitio web, permitiendo comprobar si se ha producido un acceso no autorizado, modificaciones en archivos, bases de datos, etc., sin embargo, no se puede garantizar la absoluta inexpugnabilidad de la red Internet y por tanto la violaci\u00f3n de los datos mediante accesos fraudulentos por parte de terceros. No obstante, y en base a la legislaci\u00f3n vigente, \u00abAlquiler Autocaravanas Granada Teranga\u00bb se compromete a informar a los usuarios de cualquier brecha de seguridad detectada en el plazo m\u00e1ximo de 72 horas establecido por el RGPD.<\/span><\/p><h3><b>Navegaci\u00f3n<\/b><\/h3><p><span style=\"font-weight: 400;\">Al navegar por nuestras p\u00e1ginas webs los servidores de Internet almacenar\u00e1n su direcci\u00f3n IP en los logs de acceso de forma autom\u00e1tica y con la \u00fanica finalidad de permitir el tr\u00e1nsito por Internet, siendo necesario que su equipo facilite esta direcci\u00f3n IP cuando navega por Internet para que las comunicaciones puedan realizarse. Su direcci\u00f3n IP ser\u00e1 utilizada adem\u00e1s para realizar estad\u00edsticas sobre el n\u00famero de visitantes de esta web y su procedencia, de forma totalmente transparente a su navegaci\u00f3n.<\/span><\/p><h3><b>Ejercicio de los derechos de acceso, rectificaci\u00f3n, cancelaci\u00f3n u oposici\u00f3n<\/b><\/h3><p><span style=\"font-weight: 400;\">Puede ejercer los derechos de acceso, rectificaci\u00f3n, cancelaci\u00f3n y oposici\u00f3n mediante escrito dirigido a la direcci\u00f3n del responsable: ERIC GOURG, con domicilio en calle Pradollano, 12 &#8211; Granada (CP 18008), junto con prueba v\u00e1lida en derecho, como fotocopia del D.N.I. o equivalente, indicando en el asunto \u201cPROTECCI\u00d3N DE DATOS\u201d o por correo electr\u00f3nico a: info@alquilerautocaravanasgranadateranga.com.<\/span><\/p><h3><b>Aceptaci\u00f3n y consentimiento<\/b><\/h3><p><span style=\"font-weight: 400;\">El Usuario declara haber sido informado de las condiciones sobre protecci\u00f3n de datos de car\u00e1cter personal, aceptando y consintiendo el tratamiento de los mismos por parte de \u00abAlquiler Autocaravanas Granada Teranga\u00bb, en la forma y para las finalidades indicadas en la presente Pol\u00edtica de Privacidad.<\/span><\/p><h3><b>Correos comerciales<\/b><\/h3><p><span style=\"font-weight: 400;\">De acuerdo con la LSSICE, \u00abAlquiler Autocaravanas Granada Teranga\u00bb no realiza pr\u00e1cticas de SPAM, por lo que no env\u00eda correos comerciales por v\u00eda electr\u00f3nica que no hayan sido previamente solicitados o autorizados por el Usuario. En consecuencia, en cada uno de los formularios habidos en la P\u00e1gina Web, el Usuario tiene la posibilidad de dar su consentimiento expreso para recibir nuestra Newsletter\/bolet\u00edn, con independencia de la informaci\u00f3n comercial puntualmente solicitada.<\/span><\/p><p><span style=\"font-weight: 400;\">Aviso de privacidad actualizado el 16\/05\/2022.<\/span><\/p>\t\t\t\t\t\t\t\t<\/div>\n\t\t\t\t<\/div>\n\t\t\t\t\t<\/div>\n\t\t<\/div>\n\t\t\t\t\t<\/div>\n\t\t<\/section>\n\t\t\t\t<\/div>","protected":false},"excerpt":{"rendered":"<p>Pol\u00edticas de Privacidad Registro de datos de car\u00e1cter personal Esta declaraci\u00f3n tiene como finalidad informar a los usuarios de la Pol\u00edtica general de Privacidad y Protecci\u00f3n de Datos Personales seguida por \u00abAlquiler Autocaravanas Granada Teranga\u00bb. Esta Pol\u00edtica de Privacidad podr\u00eda variar en funci\u00f3n de exigencias legislativas o de autorregulaci\u00f3n, por lo que se aconseja a [&hellip;]<\/p>","protected":false},"author":1,"featured_media":0,"parent":0,"menu_order":0,"comment_status":"closed","ping_status":"closed","template":"elementor_header_footer","meta":{"_joinchat":[],"footnotes":""},"class_list":["post-833","page","type-page","status-publish","hentry"],"yoast_head":"<!-- This site is optimized with the Yoast SEO plugin v26.3 - https:\/\/yoast.com\/wordpress\/plugins\/seo\/ -->\n<title>Pol\u00edticas de Privacidad - Alquiler autocaravanas Granada<\/title>\n<meta name=\"robots\" content=\"noindex, follow\" \/>\n<meta property=\"og:locale\" content=\"en_US\" \/>\n<meta property=\"og:type\" content=\"article\" \/>\n<meta property=\"og:title\" content=\"Pol\u00edticas de Privacidad - Alquiler autocaravanas Granada\" \/>\n<meta property=\"og:description\" content=\"Pol\u00edticas de Privacidad Registro de datos de car\u00e1cter personal Esta declaraci\u00f3n tiene como finalidad informar a los usuarios de la Pol\u00edtica general de Privacidad y Protecci\u00f3n de Datos Personales seguida por \u00abAlquiler Autocaravanas Granada Teranga\u00bb. Esta Pol\u00edtica de Privacidad podr\u00eda variar en funci\u00f3n de exigencias legislativas o de autorregulaci\u00f3n, por lo que se aconseja a [&hellip;]\" \/>\n<meta property=\"og:url\" content=\"https:\/\/alquilerautocaravanasgranadateranga.com\/en\/politicas-de-privacidad\/\" \/>\n<meta property=\"og:site_name\" content=\"Alquiler autocaravanas Granada\" \/>\n<meta property=\"article:modified_time\" content=\"2022-05-20T07:56:32+00:00\" \/>\n<meta name=\"twitter:card\" content=\"summary_large_image\" \/>\n<meta name=\"twitter:label1\" content=\"Est. reading time\" \/>\n\t<meta name=\"twitter:data1\" content=\"4 minutes\" \/>\n<script type=\"application\/ld+json\" class=\"yoast-schema-graph\">{\"@context\":\"https:\/\/schema.org\",\"@graph\":[{\"@type\":\"WebPage\",\"@id\":\"https:\/\/alquilerautocaravanasgranadateranga.com\/politicas-de-privacidad\/\",\"url\":\"https:\/\/alquilerautocaravanasgranadateranga.com\/politicas-de-privacidad\/\",\"name\":\"Pol\u00edticas de Privacidad - Alquiler autocaravanas Granada\",\"isPartOf\":{\"@id\":\"https:\/\/alquilerautocaravanasgranadateranga.com\/#website\"},\"datePublished\":\"2022-05-13T13:52:30+00:00\",\"dateModified\":\"2022-05-20T07:56:32+00:00\",\"breadcrumb\":{\"@id\":\"https:\/\/alquilerautocaravanasgranadateranga.com\/politicas-de-privacidad\/#breadcrumb\"},\"inLanguage\":\"en-US\",\"potentialAction\":[{\"@type\":\"ReadAction\",\"target\":[\"https:\/\/alquilerautocaravanasgranadateranga.com\/politicas-de-privacidad\/\"]}]},{\"@type\":\"BreadcrumbList\",\"@id\":\"https:\/\/alquilerautocaravanasgranadateranga.com\/politicas-de-privacidad\/#breadcrumb\",\"itemListElement\":[{\"@type\":\"ListItem\",\"position\":1,\"name\":\"Portada\",\"item\":\"https:\/\/alquilerautocaravanasgranadateranga.com\/\"},{\"@type\":\"ListItem\",\"position\":2,\"name\":\"Pol\u00edticas de Privacidad\"}]},{\"@type\":\"WebSite\",\"@id\":\"https:\/\/alquilerautocaravanasgranadateranga.com\/#website\",\"url\":\"https:\/\/alquilerautocaravanasgranadateranga.com\/\",\"name\":\"Alquiler autocaravanas Granada\",\"description\":\"Alquiler de Autocaravanas y Campers en Granada\",\"publisher\":{\"@id\":\"https:\/\/alquilerautocaravanasgranadateranga.com\/#organization\"},\"potentialAction\":[{\"@type\":\"SearchAction\",\"target\":{\"@type\":\"EntryPoint\",\"urlTemplate\":\"https:\/\/alquilerautocaravanasgranadateranga.com\/?s={search_term_string}\"},\"query-input\":{\"@type\":\"PropertyValueSpecification\",\"valueRequired\":true,\"valueName\":\"search_term_string\"}}],\"inLanguage\":\"en-US\"},{\"@type\":\"Organization\",\"@id\":\"https:\/\/alquilerautocaravanasgranadateranga.com\/#organization\",\"name\":\"Teranga Camper\",\"url\":\"https:\/\/alquilerautocaravanasgranadateranga.com\/\",\"logo\":{\"@type\":\"ImageObject\",\"inLanguage\":\"en-US\",\"@id\":\"https:\/\/alquilerautocaravanasgranadateranga.com\/#\/schema\/logo\/image\/\",\"url\":\"https:\/\/alquilerautocaravanasgranadateranga.com\/wp-content\/uploads\/2022\/05\/Logo-Teranga.jpeg\",\"contentUrl\":\"https:\/\/alquilerautocaravanasgranadateranga.com\/wp-content\/uploads\/2022\/05\/Logo-Teranga.jpeg\",\"width\":1280,\"height\":670,\"caption\":\"Teranga Camper\"},\"image\":{\"@id\":\"https:\/\/alquilerautocaravanasgranadateranga.com\/#\/schema\/logo\/image\/\"}}]}<\/script>\n<!-- \/ Yoast SEO plugin. -->","yoast_head_json":{"title":"Pol\u00edticas de Privacidad - Alquiler autocaravanas Granada","robots":{"index":"noindex","follow":"follow"},"og_locale":"en_US","og_type":"article","og_title":"Pol\u00edticas de Privacidad - Alquiler autocaravanas Granada","og_description":"Pol\u00edticas de Privacidad Registro de datos de car\u00e1cter personal Esta declaraci\u00f3n tiene como finalidad informar a los usuarios de la Pol\u00edtica general de Privacidad y Protecci\u00f3n de Datos Personales seguida por \u00abAlquiler Autocaravanas Granada Teranga\u00bb. Esta Pol\u00edtica de Privacidad podr\u00eda variar en funci\u00f3n de exigencias legislativas o de autorregulaci\u00f3n, por lo que se aconseja a [&hellip;]","og_url":"https:\/\/alquilerautocaravanasgranadateranga.com\/en\/politicas-de-privacidad\/","og_site_name":"Alquiler autocaravanas Granada","article_modified_time":"2022-05-20T07:56:32+00:00","twitter_card":"summary_large_image","twitter_misc":{"Est. reading time":"4 minutes"},"schema":{"@context":"https:\/\/schema.org","@graph":[{"@type":"WebPage","@id":"https:\/\/alquilerautocaravanasgranadateranga.com\/politicas-de-privacidad\/","url":"https:\/\/alquilerautocaravanasgranadateranga.com\/politicas-de-privacidad\/","name":"Pol\u00edticas de Privacidad - Alquiler autocaravanas Granada","isPartOf":{"@id":"https:\/\/alquilerautocaravanasgranadateranga.com\/#website"},"datePublished":"2022-05-13T13:52:30+00:00","dateModified":"2022-05-20T07:56:32+00:00","breadcrumb":{"@id":"https:\/\/alquilerautocaravanasgranadateranga.com\/politicas-de-privacidad\/#breadcrumb"},"inLanguage":"en-US","potentialAction":[{"@type":"ReadAction","target":["https:\/\/alquilerautocaravanasgranadateranga.com\/politicas-de-privacidad\/"]}]},{"@type":"BreadcrumbList","@id":"https:\/\/alquilerautocaravanasgranadateranga.com\/politicas-de-privacidad\/#breadcrumb","itemListElement":[{"@type":"ListItem","position":1,"name":"Portada","item":"https:\/\/alquilerautocaravanasgranadateranga.com\/"},{"@type":"ListItem","position":2,"name":"Pol\u00edticas de Privacidad"}]},{"@type":"WebSite","@id":"https:\/\/alquilerautocaravanasgranadateranga.com\/#website","url":"https:\/\/alquilerautocaravanasgranadateranga.com\/","name":"Alquiler autocaravanas Granada","description":"Alquiler de Autocaravanas y Campers en Granada","publisher":{"@id":"https:\/\/alquilerautocaravanasgranadateranga.com\/#organization"},"potentialAction":[{"@type":"SearchAction","target":{"@type":"EntryPoint","urlTemplate":"https:\/\/alquilerautocaravanasgranadateranga.com\/?s={search_term_string}"},"query-input":{"@type":"PropertyValueSpecification","valueRequired":true,"valueName":"search_term_string"}}],"inLanguage":"en-US"},{"@type":"Organization","@id":"https:\/\/alquilerautocaravanasgranadateranga.com\/#organization","name":"Teranga Camper","url":"https:\/\/alquilerautocaravanasgranadateranga.com\/","logo":{"@type":"ImageObject","inLanguage":"en-US","@id":"https:\/\/alquilerautocaravanasgranadateranga.com\/#\/schema\/logo\/image\/","url":"https:\/\/alquilerautocaravanasgranadateranga.com\/wp-content\/uploads\/2022\/05\/Logo-Teranga.jpeg","contentUrl":"https:\/\/alquilerautocaravanasgranadateranga.com\/wp-content\/uploads\/2022\/05\/Logo-Teranga.jpeg","width":1280,"height":670,"caption":"Teranga Camper"},"image":{"@id":"https:\/\/alquilerautocaravanasgranadateranga.com\/#\/schema\/logo\/image\/"}}]}},"_links":{"self":[{"href":"https:\/\/alquilerautocaravanasgranadateranga.com\/en\/wp-json\/wp\/v2\/pages\/833","targetHints":{"allow":["GET"]}}],"collection":[{"href":"https:\/\/alquilerautocaravanasgranadateranga.com\/en\/wp-json\/wp\/v2\/pages"}],"about":[{"href":"https:\/\/alquilerautocaravanasgranadateranga.com\/en\/wp-json\/wp\/v2\/types\/page"}],"author":[{"embeddable":true,"href":"https:\/\/alquilerautocaravanasgranadateranga.com\/en\/wp-json\/wp\/v2\/users\/1"}],"replies":[{"embeddable":true,"href":"https:\/\/alquilerautocaravanasgranadateranga.com\/en\/wp-json\/wp\/v2\/comments?post=833"}],"version-history":[{"count":8,"href":"https:\/\/alquilerautocaravanasgranadateranga.com\/en\/wp-json\/wp\/v2\/pages\/833\/revisions"}],"predecessor-version":[{"id":1450,"href":"https:\/\/alquilerautocaravanasgranadateranga.com\/en\/wp-json\/wp\/v2\/pages\/833\/revisions\/1450"}],"wp:attachment":[{"href":"https:\/\/alquilerautocaravanasgranadateranga.com\/en\/wp-json\/wp\/v2\/media?parent=833"}],"curies":[{"name":"wp","href":"https:\/\/api.w.org\/{rel}","templated":true}]}}