{"id":839,"date":"2022-05-13T16:08:54","date_gmt":"2022-05-13T14:08:54","guid":{"rendered":"https:\/\/alquilerautocaravanasgranadateranga.com\/?page_id=839"},"modified":"2022-05-20T09:54:18","modified_gmt":"2022-05-20T07:54:18","slug":"aviso-legal","status":"publish","type":"page","link":"https:\/\/alquilerautocaravanasgranadateranga.com\/en\/aviso-legal\/","title":{"rendered":"Legal Notice"},"content":{"rendered":"<style>.elementor-839 .elementor-element.elementor-element-a767a63{font-family:\"Verdana\", Sans-serif;font-size:28px;}.elementor-839 .elementor-element.elementor-element-80b71cb{font-family:\"Verdana\", Sans-serif;}<\/style>\t\t<div data-elementor-type=\"wp-page\" data-elementor-id=\"839\" class=\"elementor elementor-839\" data-elementor-post-type=\"page\">\n\t\t\t\t\t\t<section class=\"elementor-section elementor-top-section elementor-element elementor-element-025707f elementor-section-boxed elementor-section-height-default elementor-section-height-default\" data-id=\"025707f\" data-element_type=\"section\">\n\t\t\t\t\t\t<div class=\"elementor-container elementor-column-gap-default\">\n\t\t\t\t\t<div class=\"elementor-column elementor-col-100 elementor-top-column elementor-element elementor-element-a28f172\" data-id=\"a28f172\" data-element_type=\"column\">\n\t\t\t<div class=\"elementor-widget-wrap elementor-element-populated\">\n\t\t\t\t\t\t<div class=\"elementor-element elementor-element-a767a63 elementor-widget elementor-widget-text-editor\" data-id=\"a767a63\" data-element_type=\"widget\" data-widget_type=\"text-editor.default\">\n\t\t\t\t<div class=\"elementor-widget-container\">\n\t\t\t\t\t\t\t\t\t<p>AVISO LEGAL<\/p>\t\t\t\t\t\t\t\t<\/div>\n\t\t\t\t<\/div>\n\t\t\t\t<div class=\"elementor-element elementor-element-80b71cb elementor-widget elementor-widget-text-editor\" data-id=\"80b71cb\" data-element_type=\"widget\" data-widget_type=\"text-editor.default\">\n\t\t\t\t<div class=\"elementor-widget-container\">\n\t\t\t\t\t\t\t\t\t<p><b>OBJETO Y ACEPTACI\u00d3N<\/b><\/p><p><span style=\"font-weight: 400;\">El presente aviso legal regula el uso del sitio web alquilerautocaravanasgranadateranga.com (en adelante, LA WEB), del que es titular Eric Gourg (en adelante, EL PROPIETARIO DE LA WEB).<\/span><\/p><p><span style=\"font-weight: 400;\">La navegaci\u00f3n por el sitio web de EL PROPIETARIO DE LA WEB atribuye la condici\u00f3n de usuario del mismo e implica la aceptaci\u00f3n plena y sin reservas de todas y cada una de las disposiciones incluidas en este Aviso Legal, que pueden sufrir modificaciones.<\/span><\/p><p><span style=\"font-weight: 400;\">El usuario se obliga a hacer un uso correcto del sitio web de conformidad con las leyes, la buena fe, el orden p\u00fablico, los usos del tr\u00e1fico y el presente Aviso Legal. El usuario responder\u00e1 frente a EL PROPIETARIO DE LA WEB o frente a terceros, de cualesquiera da\u00f1os y perjuicios que pudieran causarse como consecuencia del incumplimiento de dicha obligaci\u00f3n.<\/span><\/p><ul><li aria-level=\"1\"><b>IDENTIFICACI\u00d3N Y COMUNICACIONES<\/b><\/li><\/ul><p><span style=\"font-weight: 400;\">EL PROPIETARIO DE LA WEB, en cumplimiento de la Ley 34\/2002, de 11 de julio, de servicios de la sociedad de la informaci\u00f3n y de comercio electr\u00f3nico, le informa que:<\/span><\/p><p><span style=\"font-weight: 400;\">Su denominaci\u00f3n f\u00edsica es <\/span> <span style=\"font-weight: 400;\">Eric Gourgs.<\/span><\/p><p><span style=\"font-weight: 400;\">Su CIF\/ NIF: X2778286R.<\/span><\/p><p><span style=\"font-weight: 400;\">Su domicilio f\u00edsico est\u00e1: C\/ Pradollano, 12 &#8211; Granada CP. 18008.<\/span><\/p><p><span style=\"font-weight: 400;\">Correo electr\u00f3nico: info@alquilerautocaravanasgranadateranga.com<\/span><\/p><p><span style=\"font-weight: 400;\">Finalidad de la p\u00e1gina web: EL PROPIETARIO DE LA WEB informa a los Usuarios de los veh\u00edculos que est\u00e1n disponibles para el alquiler y del precio diario de cada uno de los veh\u00edculos, la informaci\u00f3n referente a disponibilidad est\u00e1 siempre actualizada en tiempo real pero puede variar de manera muy r\u00e1pida pues depende de las reservas que otros usuario vayan realizando en el Sitio Web.<\/span><\/p><p><span style=\"font-weight: 400;\">Todas las notificaciones y comunicaciones entre los usuarios y EL PROPIETARIO DE LA WEB se considerar\u00e1n eficaces, a todos los efectos, cuando se realicen a trav\u00e9s de correo postal o cualquier otro medio de los detallados anteriormente.<\/span><\/p><ul><li aria-level=\"1\"><b>CONDICIONES DE ACCESO Y UTILIZACI\u00d3N<\/b><\/li><\/ul><p><span style=\"font-weight: 400;\">El sitio web y sus servicios son de acceso libre y gratuito, no obstante, EL PROPIETARIO DE LA WEB condiciona la utilizaci\u00f3n de algunos de los servicios ofrecidos en su web a la previa cumplimentaci\u00f3n del correspondiente formulario.<\/span><\/p><p><span style=\"font-weight: 400;\">El usuario garantiza la autenticidad y actualidad de todos aquellos datos que comunique a EL PROPIETARIO DE LA WEB y ser\u00e1 el \u00fanico responsable de las manifestaciones falsas o inexactas que realice.<\/span><\/p><p><span style=\"font-weight: 400;\">El usuario se compromete expresamente a hacer un uso adecuado de los contenidos y servicios de EL PROPIETARIO DE LA WEB y a no emplearlos para, entre otros:<\/span><\/p><p><span style=\"font-weight: 400;\">Difundir contenidos delictivos, violentos, pornogr\u00e1ficos, racistas, xen\u00f3fobo, ofensivos, de apolog\u00eda del terrorismo o, en general, contrarios a la ley o al orden p\u00fablico.<\/span><\/p><p><span style=\"font-weight: 400;\">Introducir en la red virus inform\u00e1ticos o realizar actuaciones susceptibles de alterar, estropear, interrumpir o generar errores o da\u00f1os en los documentos electr\u00f3nicos, datos o sistemas f\u00edsicos y l\u00f3gicos de EL PROPIETARIO DE LA WEB o de terceras personas; as\u00ed como obstaculizar el acceso de otros usuarios al sitio web y a sus servicios mediante el consumo masivo de los recursos inform\u00e1ticos a trav\u00e9s de los cuales EL PROPIETARIO DE LA WEB presta sus servicios.<\/span><\/p><p><span style=\"font-weight: 400;\">Intentar acceder a las cuentas de correo electr\u00f3nico de otros usuarios o a \u00e1reas restringidas de los sistemas inform\u00e1ticos de EL PROPIETARIO DE LA WEB o de terceros y, en su caso, extraer informaci\u00f3n.<\/span><\/p><p><span style=\"font-weight: 400;\">Vulnerar los derechos de propiedad intelectual o industrial, as\u00ed como violar la confidencialidad de la informaci\u00f3n de EL PROPIETARIO DE LA WEB o de terceros.<\/span><\/p><p><span style=\"font-weight: 400;\">Suplantar la identidad de otro usuario, de las administraciones p\u00fablicas o de un tercero.<\/span><\/p><p><span style=\"font-weight: 400;\">Reproducir, copiar, distribuir, poner a disposici\u00f3n de, o cualquier otra forma de comunicaci\u00f3n p\u00fablica, transformar o modificar los contenidos, a menos que se cuente con la autorizaci\u00f3n del titular de los correspondientes derechos o ello resulte legalmente permitido.<\/span><\/p><p><span style=\"font-weight: 400;\">Recabar datos con finalidad publicitaria y de remitir publicidad de cualquier clase y comunicaciones con fines de venta u otras de naturaleza comercial sin que medie su previa solicitud o consentimiento.<\/span><\/p><p><span style=\"font-weight: 400;\">Todos los contenidos del sitio web, como textos, fotograf\u00edas, gr\u00e1ficos, im\u00e1genes, iconos, tecnolog\u00eda, software, as\u00ed como su dise\u00f1o gr\u00e1fico y c\u00f3digos fuente, constituyen una obra cuya propiedad pertenece a EL PROPIETARIO DE LA WEB, sin que puedan entenderse cedidos al usuario ninguno de los derechos de explotaci\u00f3n sobre los mismos m\u00e1s all\u00e1 de lo estrictamente necesario para el correcto uso de la web.<\/span><\/p><p><span style=\"font-weight: 400;\">En definitiva, los usuarios que accedan a este sitio web pueden visualizar los contenidos y efectuar, en su caso, copias privadas autorizadas siempre que los elementos reproducidos no sean cedidos posteriormente a terceros, ni se instalen a servidores conectados a redes, ni sean objeto de ning\u00fan tipo de explotaci\u00f3n.<\/span><\/p><p><span style=\"font-weight: 400;\">Asimismo, todas las marcas, nombres comerciales o signos distintivos de cualquier clase que aparecen en el sitio web son propiedad de EL PROPIETARIO DE LA WEB, sin que pueda entenderse que el uso o acceso al mismo atribuya al usuario derecho alguno sobre los mismos.<\/span><\/p><p><span style=\"font-weight: 400;\">La distribuci\u00f3n, modificaci\u00f3n, cesi\u00f3n o comunicaci\u00f3n p\u00fablica de los contenidos y cualquier otro acto que no haya sido expresamente autorizado por el titular de los derechos de explotaci\u00f3n quedan prohibidos.<\/span><\/p><p><span style=\"font-weight: 400;\">El establecimiento de un hiperenlace no implica en ning\u00fan caso la existencia de relaciones entre EL PROPIETARIO DE LA WEB y el propietario del sitio web en la que se establezca, ni la aceptaci\u00f3n y aprobaci\u00f3n por parte de EL PROPIETARIO DE LA WEB de sus contenidos o servicios. Aquellas personas que se propongan establecer un hiperenlace previamente deber\u00e1n solicitar autorizaci\u00f3n por escrito a EL PROPIETARIO DE LA WEB. En todo caso, el hiperenlace \u00fanicamente permitir\u00e1 el acceso a la home-page o p\u00e1gina de inicio de nuestro sitio web, asimismo deber\u00e1 abstenerse de realizar manifestaciones o indicaciones falsas, inexactas o incorrectas sobre EL PROPIETARIO DE LA WEB, o incluir contenidos il\u00edcitos, contrarios a las buenas costumbres y al orden p\u00fablico.<\/span><\/p><p><span style=\"font-weight: 400;\">EL PROPIETARIO DE LA WEB no se responsabiliza del uso que cada usuario le d\u00e9 a los materiales puestos a disposici\u00f3n en este sitio web ni de las actuaciones que realice en base a los mismos.<\/span><\/p><ul><li aria-level=\"1\"><b>EXCLUSI\u00d3N DE GARANT\u00cdAS Y DE RESPONSABILIDAD<\/b><\/li><\/ul><p><span style=\"font-weight: 400;\">El contenido del presente sitio web es de car\u00e1cter general y tiene una finalidad meramente informativa, sin que se garantice plenamente el acceso a todos los contenidos, ni su exhaustividad, correcci\u00f3n, vigencia o actualidad, ni su idoneidad o utilidad para un objetivo espec\u00edfico.<\/span><\/p><p><span style=\"font-weight: 400;\">EL PROPIETARIO DE LA WEB excluye, hasta donde permite el ordenamiento jur\u00eddico, cualquier responsabilidad por los da\u00f1os y perjuicios de toda naturaleza derivados de:<\/span><\/p><p><span style=\"font-weight: 400;\">La imposibilidad de acceso al sitio web o la falta de veracidad, exactitud, exhaustividad y\/o actualidad de los contenidos, as\u00ed como la existencia de vicios y defectos de toda clase de los contenidos transmitidos, difundidos, almacenados, puestos a disposici\u00f3n, a los que se haya accedido a trav\u00e9s del sitio web o de los servicios que se ofrecen.<\/span><\/p><p><span style=\"font-weight: 400;\">La presencia de virus o de otros elementos en los contenidos que puedan producir alteraciones en los sistemas inform\u00e1ticos, documentos electr\u00f3nicos o datos de los usuarios.<\/span><\/p><p><span style=\"font-weight: 400;\">El incumplimiento de las leyes, la buena fe, el orden p\u00fablico, los usos del tr\u00e1fico y el presente aviso legal como consecuencia del uso incorrecto del sitio web. En particular, y a modo ilustrativo, EL PROPIETARIO DE LA WEB no se hace responsable de las actuaciones de terceros que vulneren derechos de propiedad intelectual e industrial, secretos empresariales, derechos al honor, a la intimidad personal y familiar y a la propia imagen, as\u00ed como la normativa en materia de competencia desleal y publicidad il\u00edcita.<\/span><\/p><p><span style=\"font-weight: 400;\">Asimismo, EL PROPIETARIO DE LA WEB declina cualquier responsabilidad respecto a la informaci\u00f3n que se halle fuera de esta web y no sea gestionada directamente por nuestro webmaster. La funci\u00f3n de los links que aparecen en esta web es exclusivamente la de informar al usuario sobre la existencia de otras fuentes susceptibles de ampliar los contenidos que ofrece este sitio web. EL PROPIETARIO DE LA WEB no garantiza ni se responsabiliza del funcionamiento o accesibilidad de los sitios enlazados; ni sugiere, invita o recomienda la visita a los mismos, por lo que tampoco ser\u00e1 responsable del resultado obtenido. EL PROPIETARIO DE LA WEB no se responsabiliza del establecimiento de hiperv\u00ednculos por parte de terceros.<\/span><\/p><ul><li aria-level=\"1\"><b>PROCEDIMIENTO EN CASO DE REALIZACI\u00d3N DE ACTIVIDADES DE CAR\u00c1CTER IL\u00cdCITO<\/b><\/li><\/ul><p><span style=\"font-weight: 400;\">En el caso de que cualquier usuario o un tercero considere que existen hechos o circunstancias que revelen el car\u00e1cter il\u00edcito de la utilizaci\u00f3n de cualquier contenido y\/o de la realizaci\u00f3n de cualquier actividad en las p\u00e1ginas web incluidas o accesibles a trav\u00e9s del sitio web, deber\u00e1 enviar una notificaci\u00f3n a EL PROPIETARIO DE LA WEB identific\u00e1ndose debidamente, especificando las supuestas infracciones y declarando expresamente y bajo su responsabilidad que la informaci\u00f3n proporcionada en la notificaci\u00f3n es exacta.<\/span><\/p><p><span style=\"font-weight: 400;\">Para toda cuesti\u00f3n litigiosa que incumba al sitio web de EL PROPIETARIO DE LA WEB, ser\u00e1 de aplicaci\u00f3n la legislaci\u00f3n espa\u00f1ola.<\/span><\/p><ul><li aria-level=\"1\"><b>PUBLICACIONES<\/b><\/li><\/ul><p><span style=\"font-weight: 400;\">La informaci\u00f3n administrativa facilitada a trav\u00e9s del sitio web no sustituye la publicidad legal de las leyes, normativas, planes, disposiciones generales y actos que tengan que ser publicados formalmente a los diarios oficiales de las administraciones p\u00fablicas, que constituyen el \u00fanico instrumento que da fe de su autenticidad y contenido. La informaci\u00f3n disponible en este sitio web debe entenderse como una gu\u00eda sin prop\u00f3sito de validez legal.<\/span><\/p>\t\t\t\t\t\t\t\t<\/div>\n\t\t\t\t<\/div>\n\t\t\t\t\t<\/div>\n\t\t<\/div>\n\t\t\t\t\t<\/div>\n\t\t<\/section>\n\t\t\t\t<\/div>","protected":false},"excerpt":{"rendered":"<p>AVISO LEGAL OBJETO Y ACEPTACI\u00d3N El presente aviso legal regula el uso del sitio web alquilerautocaravanasgranadateranga.com (en adelante, LA WEB), del que es titular Eric Gourg (en adelante, EL PROPIETARIO DE LA WEB). La navegaci\u00f3n por el sitio web de EL PROPIETARIO DE LA WEB atribuye la condici\u00f3n de usuario del mismo e implica la [&hellip;]<\/p>","protected":false},"author":1,"featured_media":0,"parent":0,"menu_order":0,"comment_status":"closed","ping_status":"closed","template":"elementor_header_footer","meta":{"_joinchat":[],"footnotes":""},"class_list":["post-839","page","type-page","status-publish","hentry"],"yoast_head":"<!-- This site is optimized with the Yoast SEO plugin v26.3 - https:\/\/yoast.com\/wordpress\/plugins\/seo\/ -->\n<title>Aviso Legal - Alquiler autocaravanas Granada<\/title>\n<meta name=\"robots\" content=\"noindex, follow\" \/>\n<meta property=\"og:locale\" content=\"en_US\" \/>\n<meta property=\"og:type\" content=\"article\" \/>\n<meta property=\"og:title\" content=\"Aviso Legal - Alquiler autocaravanas Granada\" \/>\n<meta property=\"og:description\" content=\"AVISO LEGAL OBJETO Y ACEPTACI\u00d3N El presente aviso legal regula el uso del sitio web alquilerautocaravanasgranadateranga.com (en adelante, LA WEB), del que es titular Eric Gourg (en adelante, EL PROPIETARIO DE LA WEB). La navegaci\u00f3n por el sitio web de EL PROPIETARIO DE LA WEB atribuye la condici\u00f3n de usuario del mismo e implica la [&hellip;]\" \/>\n<meta property=\"og:url\" content=\"https:\/\/alquilerautocaravanasgranadateranga.com\/en\/aviso-legal\/\" \/>\n<meta property=\"og:site_name\" content=\"Alquiler autocaravanas Granada\" \/>\n<meta property=\"article:modified_time\" content=\"2022-05-20T07:54:18+00:00\" \/>\n<meta name=\"twitter:card\" content=\"summary_large_image\" \/>\n<meta name=\"twitter:label1\" content=\"Est. reading time\" \/>\n\t<meta name=\"twitter:data1\" content=\"7 minutes\" \/>\n<script type=\"application\/ld+json\" class=\"yoast-schema-graph\">{\"@context\":\"https:\/\/schema.org\",\"@graph\":[{\"@type\":\"WebPage\",\"@id\":\"https:\/\/alquilerautocaravanasgranadateranga.com\/aviso-legal\/\",\"url\":\"https:\/\/alquilerautocaravanasgranadateranga.com\/aviso-legal\/\",\"name\":\"Aviso Legal - Alquiler autocaravanas Granada\",\"isPartOf\":{\"@id\":\"https:\/\/alquilerautocaravanasgranadateranga.com\/#website\"},\"datePublished\":\"2022-05-13T14:08:54+00:00\",\"dateModified\":\"2022-05-20T07:54:18+00:00\",\"breadcrumb\":{\"@id\":\"https:\/\/alquilerautocaravanasgranadateranga.com\/aviso-legal\/#breadcrumb\"},\"inLanguage\":\"en-US\",\"potentialAction\":[{\"@type\":\"ReadAction\",\"target\":[\"https:\/\/alquilerautocaravanasgranadateranga.com\/aviso-legal\/\"]}]},{\"@type\":\"BreadcrumbList\",\"@id\":\"https:\/\/alquilerautocaravanasgranadateranga.com\/aviso-legal\/#breadcrumb\",\"itemListElement\":[{\"@type\":\"ListItem\",\"position\":1,\"name\":\"Portada\",\"item\":\"https:\/\/alquilerautocaravanasgranadateranga.com\/\"},{\"@type\":\"ListItem\",\"position\":2,\"name\":\"Aviso Legal\"}]},{\"@type\":\"WebSite\",\"@id\":\"https:\/\/alquilerautocaravanasgranadateranga.com\/#website\",\"url\":\"https:\/\/alquilerautocaravanasgranadateranga.com\/\",\"name\":\"Alquiler autocaravanas Granada\",\"description\":\"Alquiler de Autocaravanas y Campers en Granada\",\"publisher\":{\"@id\":\"https:\/\/alquilerautocaravanasgranadateranga.com\/#organization\"},\"potentialAction\":[{\"@type\":\"SearchAction\",\"target\":{\"@type\":\"EntryPoint\",\"urlTemplate\":\"https:\/\/alquilerautocaravanasgranadateranga.com\/?s={search_term_string}\"},\"query-input\":{\"@type\":\"PropertyValueSpecification\",\"valueRequired\":true,\"valueName\":\"search_term_string\"}}],\"inLanguage\":\"en-US\"},{\"@type\":\"Organization\",\"@id\":\"https:\/\/alquilerautocaravanasgranadateranga.com\/#organization\",\"name\":\"Teranga Camper\",\"url\":\"https:\/\/alquilerautocaravanasgranadateranga.com\/\",\"logo\":{\"@type\":\"ImageObject\",\"inLanguage\":\"en-US\",\"@id\":\"https:\/\/alquilerautocaravanasgranadateranga.com\/#\/schema\/logo\/image\/\",\"url\":\"https:\/\/alquilerautocaravanasgranadateranga.com\/wp-content\/uploads\/2022\/05\/Logo-Teranga.jpeg\",\"contentUrl\":\"https:\/\/alquilerautocaravanasgranadateranga.com\/wp-content\/uploads\/2022\/05\/Logo-Teranga.jpeg\",\"width\":1280,\"height\":670,\"caption\":\"Teranga Camper\"},\"image\":{\"@id\":\"https:\/\/alquilerautocaravanasgranadateranga.com\/#\/schema\/logo\/image\/\"}}]}<\/script>\n<!-- \/ Yoast SEO plugin. -->","yoast_head_json":{"title":"Aviso Legal - Alquiler autocaravanas Granada","robots":{"index":"noindex","follow":"follow"},"og_locale":"en_US","og_type":"article","og_title":"Aviso Legal - Alquiler autocaravanas Granada","og_description":"AVISO LEGAL OBJETO Y ACEPTACI\u00d3N El presente aviso legal regula el uso del sitio web alquilerautocaravanasgranadateranga.com (en adelante, LA WEB), del que es titular Eric Gourg (en adelante, EL PROPIETARIO DE LA WEB). La navegaci\u00f3n por el sitio web de EL PROPIETARIO DE LA WEB atribuye la condici\u00f3n de usuario del mismo e implica la [&hellip;]","og_url":"https:\/\/alquilerautocaravanasgranadateranga.com\/en\/aviso-legal\/","og_site_name":"Alquiler autocaravanas Granada","article_modified_time":"2022-05-20T07:54:18+00:00","twitter_card":"summary_large_image","twitter_misc":{"Est. reading time":"7 minutes"},"schema":{"@context":"https:\/\/schema.org","@graph":[{"@type":"WebPage","@id":"https:\/\/alquilerautocaravanasgranadateranga.com\/aviso-legal\/","url":"https:\/\/alquilerautocaravanasgranadateranga.com\/aviso-legal\/","name":"Aviso Legal - Alquiler autocaravanas Granada","isPartOf":{"@id":"https:\/\/alquilerautocaravanasgranadateranga.com\/#website"},"datePublished":"2022-05-13T14:08:54+00:00","dateModified":"2022-05-20T07:54:18+00:00","breadcrumb":{"@id":"https:\/\/alquilerautocaravanasgranadateranga.com\/aviso-legal\/#breadcrumb"},"inLanguage":"en-US","potentialAction":[{"@type":"ReadAction","target":["https:\/\/alquilerautocaravanasgranadateranga.com\/aviso-legal\/"]}]},{"@type":"BreadcrumbList","@id":"https:\/\/alquilerautocaravanasgranadateranga.com\/aviso-legal\/#breadcrumb","itemListElement":[{"@type":"ListItem","position":1,"name":"Portada","item":"https:\/\/alquilerautocaravanasgranadateranga.com\/"},{"@type":"ListItem","position":2,"name":"Aviso Legal"}]},{"@type":"WebSite","@id":"https:\/\/alquilerautocaravanasgranadateranga.com\/#website","url":"https:\/\/alquilerautocaravanasgranadateranga.com\/","name":"Alquiler autocaravanas Granada","description":"Alquiler de Autocaravanas y Campers en Granada","publisher":{"@id":"https:\/\/alquilerautocaravanasgranadateranga.com\/#organization"},"potentialAction":[{"@type":"SearchAction","target":{"@type":"EntryPoint","urlTemplate":"https:\/\/alquilerautocaravanasgranadateranga.com\/?s={search_term_string}"},"query-input":{"@type":"PropertyValueSpecification","valueRequired":true,"valueName":"search_term_string"}}],"inLanguage":"en-US"},{"@type":"Organization","@id":"https:\/\/alquilerautocaravanasgranadateranga.com\/#organization","name":"Teranga Camper","url":"https:\/\/alquilerautocaravanasgranadateranga.com\/","logo":{"@type":"ImageObject","inLanguage":"en-US","@id":"https:\/\/alquilerautocaravanasgranadateranga.com\/#\/schema\/logo\/image\/","url":"https:\/\/alquilerautocaravanasgranadateranga.com\/wp-content\/uploads\/2022\/05\/Logo-Teranga.jpeg","contentUrl":"https:\/\/alquilerautocaravanasgranadateranga.com\/wp-content\/uploads\/2022\/05\/Logo-Teranga.jpeg","width":1280,"height":670,"caption":"Teranga Camper"},"image":{"@id":"https:\/\/alquilerautocaravanasgranadateranga.com\/#\/schema\/logo\/image\/"}}]}},"_links":{"self":[{"href":"https:\/\/alquilerautocaravanasgranadateranga.com\/en\/wp-json\/wp\/v2\/pages\/839","targetHints":{"allow":["GET"]}}],"collection":[{"href":"https:\/\/alquilerautocaravanasgranadateranga.com\/en\/wp-json\/wp\/v2\/pages"}],"about":[{"href":"https:\/\/alquilerautocaravanasgranadateranga.com\/en\/wp-json\/wp\/v2\/types\/page"}],"author":[{"embeddable":true,"href":"https:\/\/alquilerautocaravanasgranadateranga.com\/en\/wp-json\/wp\/v2\/users\/1"}],"replies":[{"embeddable":true,"href":"https:\/\/alquilerautocaravanasgranadateranga.com\/en\/wp-json\/wp\/v2\/comments?post=839"}],"version-history":[{"count":8,"href":"https:\/\/alquilerautocaravanasgranadateranga.com\/en\/wp-json\/wp\/v2\/pages\/839\/revisions"}],"predecessor-version":[{"id":1447,"href":"https:\/\/alquilerautocaravanasgranadateranga.com\/en\/wp-json\/wp\/v2\/pages\/839\/revisions\/1447"}],"wp:attachment":[{"href":"https:\/\/alquilerautocaravanasgranadateranga.com\/en\/wp-json\/wp\/v2\/media?parent=839"}],"curies":[{"name":"wp","href":"https:\/\/api.w.org\/{rel}","templated":true}]}}